{"id":11,"date":"2019-10-22T10:19:47","date_gmt":"2019-10-22T08:19:47","guid":{"rendered":"http:\/\/estatistika.ku.sk\/?page_id=11"},"modified":"2022-01-09T02:15:15","modified_gmt":"2022-01-09T01:15:15","slug":"program-spss-a-excel","status":"publish","type":"page","link":"https:\/\/estatistika.ku.sk\/index.php\/program-spss-a-excel\/","title":{"rendered":"SPSS\/EXCEL"},"content":{"rendered":"<p style=\"text-align: justify;\"><span style=\"font-family: helvetica, arial, sans-serif; font-size: 14pt;\">E-u\u010debnica poskytuje teoretick\u00fd a praktick\u00fd z\u00e1klad \u0161tatistick\u00fdch met\u00f3d v soci\u00e1lnom a pedagogickom v\u00fdskume (deskripcia \u00fadajov, odhady parametrov z\u00e1kladn\u00fdch s\u00faborov, porovn\u00e1vanie s\u00faborov pou\u017eit\u00edm parametrick\u00fdch a neparametrick\u00fdch testov, korela\u010dn\u00fa anal\u00fdzu).<\/span><\/p>\n<p style=\"text-align: justify;\"><span style=\"font-family: helvetica, arial, sans-serif; font-size: 14pt;\">Praktick\u00fd z\u00e1klad \u0161tatistick\u00fdch met\u00f3d spo\u010d\u00edva najm\u00e4 v prezent\u00e1cii rie\u0161en\u00ed konkr\u00e9tnych pr\u00edkladov du\u00e1lne v programoch <a href=\"http:\/\/estatistika.ku.sk\/index.php\/program-spss-a-excel\/o-programe-excel\/\">MS Excel<\/a> a <a href=\"http:\/\/estatistika.ku.sk\/index.php\/program-spss-a-excel\/o-programe-spss\/\">IBM SPSS Statistics<\/a>.<\/span><\/p>\n<p style=\"text-align: justify;\"><span style=\"font-family: helvetica, arial, sans-serif; font-size: 14pt;\">Rie\u0161enie v\u0161etk\u00fdch \u0161tatistick\u00fdch testoch v e-u\u010debnici je prezentovan\u00e9 v dvoch pr\u00edkladoch &#8211; jeden pr\u00edklad je in\u0161trukt\u00e1\u017eny, druh\u00fd sk\u00fa\u0161obn\u00fd. Najsk\u00f4r je prezentovan\u00e9 <strong>zadanie<\/strong> prv\u00e9ho pr\u00edkladu, nasleduj\u00fa formulovan\u00e9 <strong>\u0161tatistick\u00e9 hypot\u00e9zy<\/strong> a <strong>operacionaliz\u00e1cia<\/strong>, k \u010domu je pripojen\u00fd videon\u00e1vod rie\u0161enia v Exceli i v SPSS.<\/span><\/p>\n<p style=\"text-align: justify;\"><span style=\"font-family: helvetica, arial, sans-serif; font-size: 14pt;\">Druh\u00fd pr\u00edklad je sk\u00fa\u0161obn\u00fd, n\u00e1v\u0161tevn\u00edk str\u00e1nky si ho m\u00f4\u017ee s\u00e1m vypo\u010d\u00edta\u0165, bu\u010f v programe SPSS alebo v Exceli. M\u00e1 k dispoz\u00edcii d\u00e1tov\u00e9 matice v oboch softv\u00e9roch, s <span style=\"text-align: justify;\">mo\u017enos\u0165ou interakt\u00edvnej kontroly rie\u0161enia. Vi\u010f napr. postup rie\u0161enia testu <a href=\"http:\/\/estatistika.ku.sk\/index.php\/induktivna-statistika\/komparacna-analyza\/komparacia-suborov-podla-kardinalnej-premennej-2\/elementor-410\/\">ANOVA<\/a>.\u00a0<\/span><\/span><\/p>\n","protected":false},"excerpt":{"rendered":"<p>E-u\u010debnica poskytuje teoretick\u00fd a praktick\u00fd z\u00e1klad \u0161tatistick\u00fdch met\u00f3d v soci\u00e1lnom a pedagogickom v\u00fdskume (deskripcia \u00fadajov, odhady parametrov z\u00e1kladn\u00fdch s\u00faborov, porovn\u00e1vanie s\u00faborov pou\u017eit\u00edm parametrick\u00fdch a neparametrick\u00fdch testov, korela\u010dn\u00fa anal\u00fdzu). Praktick\u00fd z\u00e1klad \u0161tatistick\u00fdch met\u00f3d spo\u010d\u00edva najm\u00e4 v prezent\u00e1cii rie\u0161en\u00ed konkr\u00e9tnych pr\u00edkladov du\u00e1lne v programoch MS Excel a IBM SPSS Statistics. Rie\u0161enie v\u0161etk\u00fdch \u0161tatistick\u00fdch testoch v e-u\u010debnici je [&hellip;]<\/p>\n","protected":false},"author":1,"featured_media":0,"parent":0,"menu_order":0,"comment_status":"closed","ping_status":"closed","template":"templates\/template-full-width.php","meta":{"footnotes":""},"class_list":["post-11","page","type-page","status-publish","hentry"],"_links":{"self":[{"href":"https:\/\/estatistika.ku.sk\/index.php\/wp-json\/wp\/v2\/pages\/11","targetHints":{"allow":["GET"]}}],"collection":[{"href":"https:\/\/estatistika.ku.sk\/index.php\/wp-json\/wp\/v2\/pages"}],"about":[{"href":"https:\/\/estatistika.ku.sk\/index.php\/wp-json\/wp\/v2\/types\/page"}],"author":[{"embeddable":true,"href":"https:\/\/estatistika.ku.sk\/index.php\/wp-json\/wp\/v2\/users\/1"}],"replies":[{"embeddable":true,"href":"https:\/\/estatistika.ku.sk\/index.php\/wp-json\/wp\/v2\/comments?post=11"}],"version-history":[{"count":7,"href":"https:\/\/estatistika.ku.sk\/index.php\/wp-json\/wp\/v2\/pages\/11\/revisions"}],"predecessor-version":[{"id":1730,"href":"https:\/\/estatistika.ku.sk\/index.php\/wp-json\/wp\/v2\/pages\/11\/revisions\/1730"}],"wp:attachment":[{"href":"https:\/\/estatistika.ku.sk\/index.php\/wp-json\/wp\/v2\/media?parent=11"}],"curies":[{"name":"wp","href":"https:\/\/api.w.org\/{rel}","templated":true}]}}