{"id":1359,"date":"2021-12-01T10:30:40","date_gmt":"2021-12-01T09:30:40","guid":{"rendered":"http:\/\/estatistika.ku.sk\/?page_id=1359"},"modified":"2022-01-09T03:07:29","modified_gmt":"2022-01-09T02:07:29","slug":"pouzita-a-odporucana-literatura","status":"publish","type":"page","link":"https:\/\/estatistika.ku.sk\/index.php\/pouzita-a-odporucana-literatura\/","title":{"rendered":"Literat\u00fara"},"content":{"rendered":"<p><span style=\"font-family: helvetica, arial, sans-serif; font-size: 14pt;\"><strong>Pou\u017eit\u00e1 literat\u00fara:<\/strong><\/span><\/p>\n<p><span style=\"font-family: helvetica, arial, sans-serif; font-size: 14pt;\">Alma\u0161iov\u00e1, A., Koh\u00fatov\u00e1, K. (2014). <em>Tvorba a \u0161tatistick\u00e9 vyhodnotenie dotazn\u00edka<\/em>. Ru\u017eomberok : Verbum.<\/span><\/p>\n<p><span style=\"font-family: helvetica, arial, sans-serif; font-size: 14pt;\">Alma\u0161iov\u00e1, A., Koh\u00fatova, K. (2016). <em>\u0160tatistick\u00e9 spracovanie d\u00e1t soci\u00e1lneho v\u00fdskumu v programe SPSS. <\/em>Ru\u017eomberok : Verbum.<\/span><\/p>\n<p><span style=\"font-family: helvetica, arial, sans-serif; font-size: 14pt;\">Disman, M. (2006). <em>Jak se vyr\u00e1b\u00ed sociologick\u00e1 znalost<\/em>. 3. vyd. Praha : Karolinum.<\/span><\/p>\n<p><span style=\"font-family: helvetica, arial, sans-serif; font-size: 14pt;\">Ferjen\u010d\u00edk, J. (2000). <em>\u00davod do metodologie psychologick\u00e9ho v\u00fdskumu<\/em>. Praha: Port\u00e1l.<\/span><\/p>\n<p><span style=\"font-family: helvetica, arial, sans-serif; font-size: 14pt;\">Ferjen\u010d\u00edk, J. (2010). <em>\u00davod do metodologie psychologick\u00e9ho v\u00fdzkumu : Jak zkoumat lidskou du\u0161i. <\/em>2. vyd. Praha : Port\u00e1l.<\/span><\/p>\n<p><span style=\"font-family: helvetica, arial, sans-serif; font-size: 14pt;\">Gavora, P. (2013). Validita a reliabilita v\u00fdskumn\u00fdch n\u00e1strojov: princ\u00edpy a re\u00e1lna prax.\u00a0<em>Pedagogick\u00e1 orientace, 23<\/em>(4), 511\u2013534. DOI:\u00a0<a href=\"http:\/\/dx.doi.org\/10.5817\/PedOr2013-4-511\">http:\/\/dx.doi.org\/10.5817\/PedOr2013-4-511<\/a><\/span><\/p>\n<p><span style=\"font-family: helvetica, arial, sans-serif; font-size: 14pt;\">Gr\u00f6pel, P. (2008). <em>Skript\u00e1 k\u00a0s\u00faboru predn\u00e1\u0161ok a\u00a0cvi\u010den\u00ed : \u0160tatistika pre psychol\u00f3gov I.<\/em> Ru\u017eomberok : KU.<\/span><\/p>\n<p><span style=\"font-family: helvetica, arial, sans-serif; font-size: 14pt;\">Kerlinger, F. N. 1972. <em>Z\u00e1klady v\u00fdzkumu chov\u00e1n\u00ed<\/em>. Praha : Academia, 1972.<\/span><\/p>\n<p><span style=\"font-family: helvetica, arial, sans-serif; font-size: 14pt;\">Koll\u00e1rik, T., \u010cern\u00fd, V., Kubal\u00e1k, M. (1988). <em>Dotazn\u00edky na meranie spokojnosti ved\u00facich pracovn\u00edkov.<\/em> Bratislava, Psychodiagnostick\u00e9 a didaktick\u00e9 testy.<\/span><\/p>\n<p><span style=\"font-family: helvetica, arial, sans-serif; font-size: 14pt;\">Rabu\u0161ic, L., Soukup, P., Mare\u0161, P. (2019). <em>Statistick\u00e1 anal\u00fdza soci\u00e1ln\u011bv\u011bdn\u00edch dat (pros\u0159ednictv\u00edm SPSS)<\/em>. Brno : Masarykova univerzita.<\/span><\/p>\n<p><span style=\"font-family: helvetica, arial, sans-serif; font-size: 14pt;\">Raj\u010d\u00e1ni, J., Marton\u010d\u00edk, M., Ka\u010dm\u00e1r, P. (2021). p &gt; ,05 alebo \u010do s nesignifikantn\u00fdmi v\u00fdsledkami. Workshop, dostupn\u00e9 na webe: https:\/\/www.slovakrn.org\/repozit%C3%A1re-zdrojov-copy<\/span><\/p>\n<p><span style=\"font-family: helvetica, arial, sans-serif; font-size: 14pt;\">Rimar\u010d\u00edk, M. (2007). <em>\u0160tatistika pre prax<\/em>. Vydavate\u013estvo: Mari\u00e1n Rimar\u010d\u00edk.<\/span><\/p>\n<p><span style=\"font-family: helvetica, arial, sans-serif; font-size: 14pt;\">Ritomsk\u00fd, A. (2015). <em>Metodologick\u00e9 a metodick\u00e9 ot\u00e1zky kvantitat\u00edvneho v\u00fdskumu<\/em>. Bratislava : IRIS.<\/span><\/p>\n<p><span style=\"font-family: helvetica, arial, sans-serif; font-size: 14pt;\">Soll\u00e1r, T., Ritomsk\u00fd, A. (2002). <em>Aplik\u00e1cie \u0161tatistiky v soci\u00e1lnom v\u00fdskume<\/em>. Nitra : Univerzita Kon\u0161tant\u00edna Filozofa.<\/span><\/p>\n<p><span style=\"font-family: helvetica, arial, sans-serif; font-size: 14pt;\">Tom\u0161ik, R. (2017). <em>Kvantitat\u00edvny v\u00fdskum v pedagogick\u00fdch ved\u00e1ch.<\/em> Nitra : Univerzita Kon\u0161tant\u00edna filozofa v Nitre. Katedra Pedagogiky.<\/span><\/p>\n<p><span style=\"font-family: helvetica, arial, sans-serif; font-size: 14pt;\">Urb\u00e1nek, T.,\u00a0 Denglerov\u00e1, D., \u0160irucek, J. (2011). <em>Psychometrika<\/em>. Praha : Port\u00e1l.<\/span><\/p>\n<p><span style=\"font-family: helvetica, arial, sans-serif; font-size: 14pt;\">Walker, I. (2013). <em>V\u00fdzkumn\u00e9 metody a statistika<\/em>. Praha : Grada.<\/span><\/p>\n<p><span style=\"font-family: helvetica, arial, sans-serif; font-size: 14pt;\">Zv\u00e1rov\u00e1, J.\u00a0(2002). <em>Biomedic\u00ednsk\u00e1 statistika I.\u00a0: Z\u00e1klady statistiky pro biomedic\u00ednsk\u00e9 obory.<\/em>\u00a0 1 vyd\u00e1n\u00ed.\u00a0Praha\u00a0:\u00a0Karolinum.<\/span><\/p>\n<p><span style=\"font-family: helvetica, arial, sans-serif; font-size: 14pt;\"><strong>Odpor\u00fa\u010dan\u00e1 literat\u00fara:<\/strong><\/span><\/p>\n<p><span style=\"font-family: helvetica, arial, sans-serif; font-size: 14pt;\">Jure\u010dkov\u00e1, M., Moln\u00e1rov\u00e1, I. (2004). <em>\u0160tatistika s Excelom<\/em>. Liptovsk\u00fd Mikul\u00e1\u0161 : Akad\u00e9mia ozbrojen\u00fdch s\u00edl gener\u00e1la Milana Rastislava \u0160tef\u00e1nika.<\/span><\/p>\n<p><span style=\"font-family: helvetica, arial, sans-serif; font-size: 14pt;\">Ko\u017euh, B., Myslivec, J. (2014). <em>Nebojme se SPSS.<\/em> Pardubice : Univerzita Pardubice, Filosofick\u00e1 fakulta.<\/span><\/p>\n<p class=\"Zoznampoulit\"><span style=\"font-family: helvetica, arial, sans-serif; font-size: 14pt;\">Laj\u010diakov\u00e1, P., Taba\u010dkov\u00e1, K. (2010). <i>Ako spracova\u0165 v\u00fdskum: Manu\u00e1l pre \u0161tudentov psychol\u00f3gie<\/i>. Ru\u017eomberok: Verbum.<\/span><\/p>\n<p class=\"Zoznampoulit\"><span style=\"font-family: helvetica, arial, sans-serif; font-size: 14pt;\">\u0158eh\u00e1k, J., Brom, O. (2015).\u00a0<em>SPSS &#8211; Praktick\u00e1 anal\u00fdza dat<\/em>. Brno : Computer Press.<\/span><\/p>\n","protected":false},"excerpt":{"rendered":"<p>Pou\u017eit\u00e1 literat\u00fara: Alma\u0161iov\u00e1, A., Koh\u00fatov\u00e1, K. (2014). Tvorba a \u0161tatistick\u00e9 vyhodnotenie dotazn\u00edka. Ru\u017eomberok : Verbum. Alma\u0161iov\u00e1, A., Koh\u00fatova, K. (2016). \u0160tatistick\u00e9 spracovanie d\u00e1t soci\u00e1lneho v\u00fdskumu v programe SPSS. Ru\u017eomberok : Verbum. Disman, M. (2006). Jak se vyr\u00e1b\u00ed sociologick\u00e1 znalost. 3. vyd. Praha : Karolinum. Ferjen\u010d\u00edk, J. (2000). \u00davod do metodologie psychologick\u00e9ho v\u00fdskumu. Praha: Port\u00e1l. Ferjen\u010d\u00edk, [&hellip;]<\/p>\n","protected":false},"author":2,"featured_media":1558,"parent":0,"menu_order":0,"comment_status":"closed","ping_status":"closed","template":"templates\/template-full-width.php","meta":{"footnotes":""},"class_list":["post-1359","page","type-page","status-publish","has-post-thumbnail","hentry"],"_links":{"self":[{"href":"https:\/\/estatistika.ku.sk\/index.php\/wp-json\/wp\/v2\/pages\/1359","targetHints":{"allow":["GET"]}}],"collection":[{"href":"https:\/\/estatistika.ku.sk\/index.php\/wp-json\/wp\/v2\/pages"}],"about":[{"href":"https:\/\/estatistika.ku.sk\/index.php\/wp-json\/wp\/v2\/types\/page"}],"author":[{"embeddable":true,"href":"https:\/\/estatistika.ku.sk\/index.php\/wp-json\/wp\/v2\/users\/2"}],"replies":[{"embeddable":true,"href":"https:\/\/estatistika.ku.sk\/index.php\/wp-json\/wp\/v2\/comments?post=1359"}],"version-history":[{"count":16,"href":"https:\/\/estatistika.ku.sk\/index.php\/wp-json\/wp\/v2\/pages\/1359\/revisions"}],"predecessor-version":[{"id":1823,"href":"https:\/\/estatistika.ku.sk\/index.php\/wp-json\/wp\/v2\/pages\/1359\/revisions\/1823"}],"wp:featuredmedia":[{"embeddable":true,"href":"https:\/\/estatistika.ku.sk\/index.php\/wp-json\/wp\/v2\/media\/1558"}],"wp:attachment":[{"href":"https:\/\/estatistika.ku.sk\/index.php\/wp-json\/wp\/v2\/media?parent=1359"}],"curies":[{"name":"wp","href":"https:\/\/api.w.org\/{rel}","templated":true}]}}