{"id":1491,"date":"2021-12-14T13:50:44","date_gmt":"2021-12-14T12:50:44","guid":{"rendered":"http:\/\/estatistika.ku.sk\/?page_id=1491"},"modified":"2022-01-09T02:22:47","modified_gmt":"2022-01-09T01:22:47","slug":"instalacia-doplnku-analyza-udajov","status":"publish","type":"page","link":"https:\/\/estatistika.ku.sk\/index.php\/instalacia-doplnku-analyza-udajov\/","title":{"rendered":"In\u0161tal\u00e1cia doplnku do Excelu &#8211; Anal\u00fdza \u00fadajov"},"content":{"rendered":"<p style=\"text-align: justify;\"><span style=\"font-size: 14pt; font-family: helvetica, arial, sans-serif;\">Pred realizovan\u00edm \u0161tatistick\u00fdch proced\u00far v programe Excel je potrebn\u00e9, aby sme mali nain\u0161talovan\u00fd doplnok s n\u00e1zvom <strong>Anal\u00fdza \u00fadajov (Data analysis).<\/strong> In\u0161tal\u00e1ciu urob\u00edme realiz\u00e1ciou nasleduj\u00facich krokov:<\/span><\/p>\n<p style=\"text-align: justify;\"><span style=\"color: #008000; font-size: 14pt; font-family: helvetica, arial, sans-serif;\"><strong><em>S\u00fabor\/Mo\u017enosti\/Doplnky\/Analytick\u00e9 n\u00e1stroje<\/em><\/strong><\/span><\/p>\n<p style=\"text-align: justify;\"><span style=\"font-size: 14pt; font-family: helvetica, arial, sans-serif;\">V\u00a0ponuke Analytick\u00fdch n\u00e1strojov je viacero proced\u00far, ktor\u00e9 n\u00e1m m\u00f4\u017eu by\u0165 u\u017eito\u010dn\u00e9 pri kvantitat\u00edvnej anal\u00fdze \u00fadajov. Treba v\u0161ak podotkn\u00fa\u0165, \u017ee ponuka testov je obmedzen\u00e1 len na parametrick\u00e9 testy. Aj napriek tomu, je v\u0161ak mo\u017en\u00e9 relat\u00edvne jednoduch\u00fdm sp\u00f4sobom zrealizova\u0165 pou\u017eit\u00edm Excelu aj testy neparametrick\u00e9.<\/span><\/p>\n<p style=\"text-align: justify;\"><span style=\"font-size: 14pt; font-family: helvetica, arial, sans-serif;\">Sp\u00f4sob pou\u017eitia vybran\u00fdch proced\u00far, ktor\u00e9 s\u00fa obsahom tohto bal\u00edka Analytick\u00e9 n\u00e1stroje, si uk\u00e1\u017eeme na pr\u00edkladoch, ktor\u00e9 s\u00fa s\u00fa\u010das\u0165ou elektronickej u\u010debnice.<\/span><\/p>\n","protected":false},"excerpt":{"rendered":"<p>Pred realizovan\u00edm \u0161tatistick\u00fdch proced\u00far v programe Excel je potrebn\u00e9, aby sme mali nain\u0161talovan\u00fd doplnok s n\u00e1zvom Anal\u00fdza \u00fadajov (Data analysis). In\u0161tal\u00e1ciu urob\u00edme realiz\u00e1ciou nasleduj\u00facich krokov: S\u00fabor\/Mo\u017enosti\/Doplnky\/Analytick\u00e9 n\u00e1stroje V\u00a0ponuke Analytick\u00fdch n\u00e1strojov je viacero proced\u00far, ktor\u00e9 n\u00e1m m\u00f4\u017eu by\u0165 u\u017eito\u010dn\u00e9 pri kvantitat\u00edvnej anal\u00fdze \u00fadajov. Treba v\u0161ak podotkn\u00fa\u0165, \u017ee ponuka testov je obmedzen\u00e1 len na parametrick\u00e9 testy. Aj [&hellip;]<\/p>\n","protected":false},"author":2,"featured_media":0,"parent":0,"menu_order":0,"comment_status":"closed","ping_status":"closed","template":"templates\/template-full-width.php","meta":{"footnotes":""},"class_list":["post-1491","page","type-page","status-publish","hentry"],"_links":{"self":[{"href":"https:\/\/estatistika.ku.sk\/index.php\/wp-json\/wp\/v2\/pages\/1491","targetHints":{"allow":["GET"]}}],"collection":[{"href":"https:\/\/estatistika.ku.sk\/index.php\/wp-json\/wp\/v2\/pages"}],"about":[{"href":"https:\/\/estatistika.ku.sk\/index.php\/wp-json\/wp\/v2\/types\/page"}],"author":[{"embeddable":true,"href":"https:\/\/estatistika.ku.sk\/index.php\/wp-json\/wp\/v2\/users\/2"}],"replies":[{"embeddable":true,"href":"https:\/\/estatistika.ku.sk\/index.php\/wp-json\/wp\/v2\/comments?post=1491"}],"version-history":[{"count":3,"href":"https:\/\/estatistika.ku.sk\/index.php\/wp-json\/wp\/v2\/pages\/1491\/revisions"}],"predecessor-version":[{"id":1732,"href":"https:\/\/estatistika.ku.sk\/index.php\/wp-json\/wp\/v2\/pages\/1491\/revisions\/1732"}],"wp:attachment":[{"href":"https:\/\/estatistika.ku.sk\/index.php\/wp-json\/wp\/v2\/media?parent=1491"}],"curies":[{"name":"wp","href":"https:\/\/api.w.org\/{rel}","templated":true}]}}