{"id":260,"date":"2020-01-29T09:50:22","date_gmt":"2020-01-29T08:50:22","guid":{"rendered":"http:\/\/estatistika.ku.sk\/?page_id=260"},"modified":"2022-01-09T02:38:21","modified_gmt":"2022-01-09T01:38:21","slug":"parametricke-vs-neparametricke-statisticke-testy","status":"publish","type":"page","link":"https:\/\/estatistika.ku.sk\/index.php\/induktivna-statistika\/parametricke-vs-neparametricke-statisticke-testy\/","title":{"rendered":"Parametrick\u00e9 vs. neparametrick\u00e9 testy"},"content":{"rendered":"<p style=\"text-align: justify;\"><span style=\"font-family: helvetica, arial, sans-serif; font-size: 14pt;\">\u0160tatistick\u00e9 testy m\u00f4\u017eeme klasifikova\u0165 do 2 kateg\u00f3ri\u00ed \u2013 <strong>parametrick\u00e9 a\u00a0neparametrick\u00e9 testy<\/strong><strong>. <\/strong><\/span><\/p>\n<p style=\"text-align: justify;\"><span style=\"font-family: helvetica, arial, sans-serif; font-size: 14pt;\">V nasleduj\u00facej tabu\u013eke s\u00fa uveden\u00e9 <em><strong>parametrick\u00e9 testy a ich neparametrick\u00e1 obdoba.<\/strong><\/em> Je potrebn\u00e9 upozorni\u0165, \u017ee \u0161tatistick\u00fdch testov existuje viac, v texte uv\u00e1dzame vybran\u00e9.<img fetchpriority=\"high\" decoding=\"async\" class=\"alignnone size-full wp-image-1434\" src=\"http:\/\/estatistika.ku.sk\/wp-content\/uploads\/2021\/12\/Snimka89-2.jpg\" alt=\"\" width=\"1064\" height=\"400\" srcset=\"https:\/\/estatistika.ku.sk\/wp-content\/uploads\/2021\/12\/Snimka89-2.jpg 1064w, https:\/\/estatistika.ku.sk\/wp-content\/uploads\/2021\/12\/Snimka89-2-300x113.jpg 300w, https:\/\/estatistika.ku.sk\/wp-content\/uploads\/2021\/12\/Snimka89-2-1024x385.jpg 1024w, https:\/\/estatistika.ku.sk\/wp-content\/uploads\/2021\/12\/Snimka89-2-768x289.jpg 768w\" sizes=\"(max-width: 1064px) 100vw, 1064px\" \/><span style=\"letter-spacing: normal; text-align: justify;\">Parametrick\u00e9 testy pracuj\u00fa s <\/span><strong style=\"letter-spacing: normal; text-align: justify;\">priemerom<\/strong><span style=\"letter-spacing: normal; text-align: justify;\"> a \u0161<\/span><strong style=\"letter-spacing: normal; text-align: justify;\">tandardnou odch\u00fdlkou<\/strong><span style=\"letter-spacing: normal; text-align: justify;\">, neparametrick\u00e9 testy pracuj\u00fa s <\/span><strong style=\"letter-spacing: normal; text-align: justify;\">porad\u00edm<\/strong><span style=\"letter-spacing: normal; text-align: justify;\"> (medi\u00e1nom, resp. priemern\u00fdm porad\u00edm &#8211; &#8222;<\/span><em style=\"letter-spacing: normal; text-align: justify;\">mean rank<\/em><span style=\"letter-spacing: normal; text-align: justify;\">&#8222;).<\/span><\/span><\/p>\n<p style=\"text-align: justify;\"><span style=\"font-family: helvetica, arial, sans-serif; font-size: 14pt;\"><strong>Parametrick\u00e9 testy<\/strong> s\u00fa silnej\u0161ie ako neparametrick\u00e9 testy, ale m\u00f4\u017eeme ich pou\u017ei\u0165 len v pr\u00edpade splnenia krit\u00e9ri\u00ed\/parametrov\/predpokladov. K t\u00fdmto parametrom patr\u00ed:<\/span><\/p>\n<ol style=\"list-style-type: lower-alpha; text-align: justify;\">\n<li><span style=\"font-family: helvetica, arial, sans-serif; font-size: 14pt;\">len pri <a href=\"http:\/\/estatistika.ku.sk\/index.php\/druhy-premennych\/kardinalna-premenna\/\">kardin\u00e1lnej premennej<\/a>,<\/span><\/li>\n<li><span style=\"font-family: helvetica, arial, sans-serif; font-size: 14pt;\">len v pr\u00edpade splnenia <a href=\"http:\/\/estatistika.ku.sk\/index.php\/testovanie-normality-rozdelenia-dat\/\">normality rozdelenia d\u00e1t <\/a>(parametrick\u00e9 testy s\u00fa ve\u013emi citliv\u00e9 na extr\u00e9mne hodnoty),<\/span><\/li>\n<\/ol>\n<p style=\"padding-left: 40px; text-align: justify;\"><span style=\"font-size: 14pt; font-family: helvetica, arial, sans-serif;\">V pr\u00edpade, \u017ee s\u00fa d\u00e1ta norm\u00e1lne rozdelen\u00e9, m\u00e1 priemer, medi\u00e1n a modus ve\u013emi podobn\u00fa hodnotu, napr. ak m\u00e1 priemer hodnotu 165 i medi\u00e1n a modus maj\u00fa hodnotu pohybuj\u00facu sa okolo \u010d\u00edsla 165.<\/span><\/p>\n<p><span style=\"font-family: helvetica, arial, sans-serif; font-size: 14pt;\">\u00a0c. homogenita vari\u00e1cie (rovnorodos\u0165 <a href=\"http:\/\/estatistika.ku.sk\/index.php\/standardna-odchylka\/\">odch\u00fdlky<\/a>) &#8211; ak porovn\u00e1vame dve\u00a0 \u00a0a viac skup\u00edn, je potrebn\u00e9, aby bola dodr\u017ean\u00e1 homogenita vari\u00e1cie\u00a0 \u00a0(rovnorodos\u0165 odch\u00fdlky) \u2013 \u0161tandardn\u00e1 odch\u00fdlka by mala by\u0165 u oboch\u00a0 \u00a0(a\u00a0 viacer\u00fdch) skup\u00edn ve\u013emi podobn\u00e1 (Walker, 2013). Homogenita vari\u00e1cie je v programe SPSS automaticky po\u010d\u00edtan\u00e1 pri <a href=\"http:\/\/estatistika.ku.sk\/index.php\/induktivna-statistika\/komparacna-analyza\/komparacia-suborov-podla-kardinalnej-premennej-2\/priklad-studentov-t-test-pre-dva-nezavisle-vybery-2\/\">Studentovom t-teste pre dva nez\u00e1visl\u00e9 v\u00fdbery<\/a> i pri <a href=\"http:\/\/estatistika.ku.sk\/index.php\/induktivna-statistika\/komparacna-analyza\/komparacia-suborov-podla-kardinalnej-premennej-2\/elementor-410\/\">Anove<\/a> &#8211; vi\u010f vide\u00e1.<\/span><\/p>\n<blockquote>\n<p style=\"text-align: justify;\"><span style=\"font-family: helvetica, arial, sans-serif; font-size: 14pt;\">Ak tieto podmienky splnen\u00e9 nie s\u00fa, je potrebn\u00e9 i v pr\u00edpade kardin\u00e1lnej premennej, pou\u017ei\u0165 neparametrick\u00fa variantu testu (<em>napr. namiesto testu ANOVA pou\u017eijeme jej neparametrick\u00fa variantu Kruskal-Wallis test<\/em>).<\/span><\/p>\n<p style=\"text-align: justify;\"><span style=\"font-family: helvetica, arial, sans-serif; font-size: 14pt;\">Ak by sme parametrick\u00e9 testy pou\u017eili napriek tomu, \u017ee nie s\u00fa splnen\u00e9 podmienky, mohli by sme pr\u00eds\u0165 k nespr\u00e1vnym (falo\u0161n\u00fdm) z\u00e1verom.<\/span><\/p>\n<\/blockquote>\n<p style=\"text-align: justify;\"><span style=\"font-family: helvetica, arial, sans-serif; font-size: 14pt;\"><strong>Neparametrick\u00e9 testy<\/strong> pracuj\u00fa s porad\u00edm hodn\u00f4t zoraden\u00fdch pod\u013ea ve\u013ekosti (medi\u00e1n), preto s\u00fa nez\u00e1visl\u00e9 od extr\u00e9mnych hodn\u00f4t.<\/span><\/p>\n","protected":false},"excerpt":{"rendered":"<p>\u0160tatistick\u00e9 testy m\u00f4\u017eeme klasifikova\u0165 do 2 kateg\u00f3ri\u00ed \u2013 parametrick\u00e9 a\u00a0neparametrick\u00e9 testy. V nasleduj\u00facej tabu\u013eke s\u00fa uveden\u00e9 parametrick\u00e9 testy a ich neparametrick\u00e1 obdoba. Je potrebn\u00e9 upozorni\u0165, \u017ee \u0161tatistick\u00fdch testov existuje viac, v texte uv\u00e1dzame vybran\u00e9.Parametrick\u00e9 testy pracuj\u00fa s priemerom a \u0161tandardnou odch\u00fdlkou, neparametrick\u00e9 testy pracuj\u00fa s porad\u00edm (medi\u00e1nom, resp. priemern\u00fdm porad\u00edm &#8211; &#8222;mean rank&#8222;). Parametrick\u00e9 testy [&hellip;]<\/p>\n","protected":false},"author":2,"featured_media":0,"parent":17,"menu_order":0,"comment_status":"closed","ping_status":"closed","template":"templates\/template-full-width.php","meta":{"footnotes":""},"class_list":["post-260","page","type-page","status-publish","hentry"],"_links":{"self":[{"href":"https:\/\/estatistika.ku.sk\/index.php\/wp-json\/wp\/v2\/pages\/260","targetHints":{"allow":["GET"]}}],"collection":[{"href":"https:\/\/estatistika.ku.sk\/index.php\/wp-json\/wp\/v2\/pages"}],"about":[{"href":"https:\/\/estatistika.ku.sk\/index.php\/wp-json\/wp\/v2\/types\/page"}],"author":[{"embeddable":true,"href":"https:\/\/estatistika.ku.sk\/index.php\/wp-json\/wp\/v2\/users\/2"}],"replies":[{"embeddable":true,"href":"https:\/\/estatistika.ku.sk\/index.php\/wp-json\/wp\/v2\/comments?post=260"}],"version-history":[{"count":17,"href":"https:\/\/estatistika.ku.sk\/index.php\/wp-json\/wp\/v2\/pages\/260\/revisions"}],"predecessor-version":[{"id":1760,"href":"https:\/\/estatistika.ku.sk\/index.php\/wp-json\/wp\/v2\/pages\/260\/revisions\/1760"}],"up":[{"embeddable":true,"href":"https:\/\/estatistika.ku.sk\/index.php\/wp-json\/wp\/v2\/pages\/17"}],"wp:attachment":[{"href":"https:\/\/estatistika.ku.sk\/index.php\/wp-json\/wp\/v2\/media?parent=260"}],"curies":[{"name":"wp","href":"https:\/\/api.w.org\/{rel}","templated":true}]}}