{"id":277,"date":"2020-01-29T10:17:17","date_gmt":"2020-01-29T09:17:17","guid":{"rendered":"http:\/\/estatistika.ku.sk\/?page_id=277"},"modified":"2022-02-25T16:22:16","modified_gmt":"2022-02-25T15:22:16","slug":"komparacia-suborov-podla-nominalnej-premennej","status":"publish","type":"page","link":"https:\/\/estatistika.ku.sk\/index.php\/induktivna-statistika\/komparacna-analyza\/komparacia-suborov-podla-nominalnej-premennej\/","title":{"rendered":"Kompara\u010dn\u00e1 anal\u00fdza &#8211; NOMIN\u00c1LNA premenn\u00e1"},"content":{"rendered":"<p style=\"text-align: justify;\"><span style=\"font-family: helvetica, arial, sans-serif; font-size: 14pt;\">V pr\u00edpade, \u017ee realizujeme kompar\u00e1ciu pod\u013ea <a href=\"http:\/\/estatistika.ku.sk\/index.php\/druhy-premennych\/nominalna-premenna\/\">nomin\u00e1lnej premennej<\/a> vyber\u00e1me z nasleduj\u00facich testov:<\/span><\/p>\n<ul>\n<li style=\"text-align: justify;\"><span style=\"font-family: helvetica, arial, sans-serif; font-size: 14pt;\"><strong><a href=\"http:\/\/estatistika.ku.sk\/index.php\/induktivna-statistika\/komparacna-analyza\/komparacia-suborov-podla-nominalnej-premennej\/priklad-chi-kvadrat-1-premenna\/\">Ch\u00ed-kvadr\u00e1t test dobrej zhody<\/a> (1 premenn\u00e1)<\/strong><\/span><\/li>\n<li style=\"text-align: justify;\"><span style=\"font-family: helvetica, arial, sans-serif; font-size: 14pt;\"><strong><a href=\"http:\/\/estatistika.ku.sk\/index.php\/induktivna-statistika\/komparacna-analyza\/komparacia-suborov-podla-nominalnej-premennej\/priklad-chi-kvadrat-test-2-premenne\/\">Ch\u00ed-kvadr\u00e1t test nez\u00e1vislosti<\/a> (2 premenn\u00e9)<\/strong><\/span><\/li>\n<\/ul>\n","protected":false},"excerpt":{"rendered":"<p>V pr\u00edpade, \u017ee realizujeme kompar\u00e1ciu pod\u013ea nomin\u00e1lnej premennej vyber\u00e1me z nasleduj\u00facich testov: Ch\u00ed-kvadr\u00e1t test dobrej zhody (1 premenn\u00e1) Ch\u00ed-kvadr\u00e1t test nez\u00e1vislosti (2 premenn\u00e9)<\/p>\n","protected":false},"author":2,"featured_media":0,"parent":437,"menu_order":0,"comment_status":"closed","ping_status":"closed","template":"templates\/template-full-width.php","meta":{"footnotes":""},"class_list":["post-277","page","type-page","status-publish","hentry"],"_links":{"self":[{"href":"https:\/\/estatistika.ku.sk\/index.php\/wp-json\/wp\/v2\/pages\/277","targetHints":{"allow":["GET"]}}],"collection":[{"href":"https:\/\/estatistika.ku.sk\/index.php\/wp-json\/wp\/v2\/pages"}],"about":[{"href":"https:\/\/estatistika.ku.sk\/index.php\/wp-json\/wp\/v2\/types\/page"}],"author":[{"embeddable":true,"href":"https:\/\/estatistika.ku.sk\/index.php\/wp-json\/wp\/v2\/users\/2"}],"replies":[{"embeddable":true,"href":"https:\/\/estatistika.ku.sk\/index.php\/wp-json\/wp\/v2\/comments?post=277"}],"version-history":[{"count":12,"href":"https:\/\/estatistika.ku.sk\/index.php\/wp-json\/wp\/v2\/pages\/277\/revisions"}],"predecessor-version":[{"id":2212,"href":"https:\/\/estatistika.ku.sk\/index.php\/wp-json\/wp\/v2\/pages\/277\/revisions\/2212"}],"up":[{"embeddable":true,"href":"https:\/\/estatistika.ku.sk\/index.php\/wp-json\/wp\/v2\/pages\/437"}],"wp:attachment":[{"href":"https:\/\/estatistika.ku.sk\/index.php\/wp-json\/wp\/v2\/media?parent=277"}],"curies":[{"name":"wp","href":"https:\/\/api.w.org\/{rel}","templated":true}]}}