{"id":388,"date":"2020-03-19T10:42:31","date_gmt":"2020-03-19T09:42:31","guid":{"rendered":"http:\/\/estatistika.ku.sk\/?page_id=388"},"modified":"2022-02-25T16:24:01","modified_gmt":"2022-02-25T15:24:01","slug":"komparacia-suborov-podla-kardinalnej-premennej-2","status":"publish","type":"page","link":"https:\/\/estatistika.ku.sk\/index.php\/induktivna-statistika\/komparacna-analyza\/komparacia-suborov-podla-kardinalnej-premennej-2\/","title":{"rendered":"Kompara\u010dn\u00e1 anal\u00fdza &#8211; KARDIN\u00c1LNA premenn\u00e1"},"content":{"rendered":"<p style=\"text-align: center;\"><span style=\"font-family: helvetica, arial, sans-serif; font-size: 14pt;\">V pr\u00edpade, \u017ee realizujeme kompar\u00e1ciu pod\u013ea\u00a0<a href=\"http:\/\/estatistika.ku.sk\/index.php\/druhy-premennych\/kardinalna-premenna\/\">kardin\u00e1lnej premennej<\/a>\u00a0vyber\u00e1me z nasleduj\u00facich testov:<\/span><\/p>\n<ul>\n<li style=\"text-align: center;\"><span style=\"font-family: helvetica, arial, sans-serif; font-size: 14pt;\"><a href=\"http:\/\/estatistika.ku.sk\/index.php\/induktivna-statistika\/komparacna-analyza\/komparacia-suborov-podla-kardinalnej-premennej-2\/elementor-393\/\">Studentov t-test pre <strong>jeden<\/strong> v\u00fdber,<\/a><\/span><\/li>\n<li style=\"text-align: center;\"><a href=\"http:\/\/estatistika.ku.sk\/index.php\/induktivna-statistika\/komparacna-analyza\/komparacia-suborov-podla-kardinalnej-premennej-2\/priklad-studentov-t-test-pre-dva-nezavisle-vybery-2\/\"><span style=\"font-family: helvetica, arial, sans-serif; font-size: 14pt;\">Studentov t-test pre <strong>dva nez\u00e1visl\u00e9<\/strong> v\u00fdbery,<\/span><\/a><\/li>\n<li style=\"text-align: center;\"><span style=\"font-family: helvetica, arial, sans-serif; font-size: 14pt;\"><a href=\"http:\/\/estatistika.ku.sk\/index.php\/induktivna-statistika\/komparacna-analyza\/komparacia-suborov-podla-kardinalnej-premennej-2\/priklad-studentov-t-test-pre-dva-zavisle-vybery\/\">Studentov t-test pre <strong>dva z\u00e1visl\u00e9<\/strong> v\u00fdbery,<\/a><\/span><\/li>\n<li style=\"text-align: center;\"><span style=\"font-family: helvetica, arial, sans-serif; font-size: 14pt;\"><a href=\"http:\/\/estatistika.ku.sk\/index.php\/induktivna-statistika\/komparacna-analyza\/komparacia-suborov-podla-kardinalnej-premennej-2\/elementor-410\/\">Anova pre <strong>tri a viac nez\u00e1visl\u00fdch<\/strong> v\u00fdberov.<\/a><\/span><\/li>\n<\/ul>\n","protected":false},"excerpt":{"rendered":"<p>V pr\u00edpade, \u017ee realizujeme kompar\u00e1ciu pod\u013ea\u00a0kardin\u00e1lnej premennej\u00a0vyber\u00e1me z nasleduj\u00facich testov: Studentov t-test pre jeden v\u00fdber, Studentov t-test pre dva nez\u00e1visl\u00e9 v\u00fdbery, Studentov t-test pre dva z\u00e1visl\u00e9 v\u00fdbery, Anova pre tri a viac nez\u00e1visl\u00fdch v\u00fdberov.<\/p>\n","protected":false},"author":2,"featured_media":0,"parent":437,"menu_order":0,"comment_status":"closed","ping_status":"closed","template":"templates\/template-full-width.php","meta":{"footnotes":""},"class_list":["post-388","page","type-page","status-publish","hentry"],"_links":{"self":[{"href":"https:\/\/estatistika.ku.sk\/index.php\/wp-json\/wp\/v2\/pages\/388","targetHints":{"allow":["GET"]}}],"collection":[{"href":"https:\/\/estatistika.ku.sk\/index.php\/wp-json\/wp\/v2\/pages"}],"about":[{"href":"https:\/\/estatistika.ku.sk\/index.php\/wp-json\/wp\/v2\/types\/page"}],"author":[{"embeddable":true,"href":"https:\/\/estatistika.ku.sk\/index.php\/wp-json\/wp\/v2\/users\/2"}],"replies":[{"embeddable":true,"href":"https:\/\/estatistika.ku.sk\/index.php\/wp-json\/wp\/v2\/comments?post=388"}],"version-history":[{"count":9,"href":"https:\/\/estatistika.ku.sk\/index.php\/wp-json\/wp\/v2\/pages\/388\/revisions"}],"predecessor-version":[{"id":2215,"href":"https:\/\/estatistika.ku.sk\/index.php\/wp-json\/wp\/v2\/pages\/388\/revisions\/2215"}],"up":[{"embeddable":true,"href":"https:\/\/estatistika.ku.sk\/index.php\/wp-json\/wp\/v2\/pages\/437"}],"wp:attachment":[{"href":"https:\/\/estatistika.ku.sk\/index.php\/wp-json\/wp\/v2\/media?parent=388"}],"curies":[{"name":"wp","href":"https:\/\/api.w.org\/{rel}","templated":true}]}}