{"id":458,"date":"2020-03-19T13:38:48","date_gmt":"2020-03-19T12:38:48","guid":{"rendered":"http:\/\/estatistika.ku.sk\/?page_id=458"},"modified":"2022-02-14T14:25:20","modified_gmt":"2022-02-14T13:25:20","slug":"vztahy-medzi-nominalnymi-premennymi","status":"publish","type":"page","link":"https:\/\/estatistika.ku.sk\/index.php\/induktivna-statistika\/korelacna-analyza\/vztahy-medzi-nominalnymi-premennymi\/","title":{"rendered":"Nomin\u00e1lna premenn\u00e1"},"content":{"rendered":"<p style=\"text-align: justify;\"><span style=\"font-family: helvetica, arial, sans-serif; font-size: 14pt;\">Pre identifikovanie vz\u0165ahu medzi nomin\u00e1lnymi premenn\u00fdmi pou\u017e\u00edvame:<\/span><\/p>\n<ul>\n<li style=\"text-align: justify;\"><span style=\"font-family: helvetica, arial, sans-serif; font-size: 14pt;\"><strong><a href=\"http:\/\/estatistika.ku.sk\/index.php\/priklad-koeficient-phi\/\">Koeficient Phi<\/a><\/strong>\u00a0&#8211; ak sk\u00famame vz\u0165ah medzi dvomi\u00a0dichotomick\u00fdmi nomin\u00e1lnymi premenn\u00fdmi<em>.<\/em><\/span><\/li>\n<li style=\"text-align: justify;\"><span style=\"font-family: helvetica, arial, sans-serif; font-size: 14pt;\"><strong><a href=\"http:\/\/estatistika.ku.sk\/index.php\/induktivna-statistika\/korelacna-analyza\/vztahy-medzi-nominalnymi-premennymi\/priklad-cramerov-koeficient-v\/\">Cramerov koeficient V<\/a><\/strong> &#8211; ak sk\u00famame vz\u0165ah medzi viac\u00farov\u0148ov\u00fdmi nomin\u00e1lnymi premenn\u00fdmi <em>(napr. rodinn\u00fd stav: slobodn\u00fd, \u017eenat\u00fd\/vydat\u00e1, rozveden\u00fd), <\/em>pr\u00edp. medzi nomin\u00e1lnou\u00a0 a ordin\u00e1lnou premennou.<\/span><\/li>\n<li><strong><a href=\"http:\/\/estatistika.ku.sk\/index.php\/koeficient-eta\/\">Koeficient Eta<\/a><\/strong> &#8211; ak sk\u00famame vz\u0165ah medzi nomin\u00e1lnou a kardin\u00e1lnou premennou, (pr\u00edp. medzi ordin\u00e1lnou, ktor\u00e1 m\u00e1 nieko\u013eko kateg\u00f3ri\u00ed a kardin\u00e1lnou, ktor\u00e1 m\u00e1 mnoho kateg\u00f3ri\u00ed).<\/li>\n<\/ul>\n","protected":false},"excerpt":{"rendered":"<p>Pre identifikovanie vz\u0165ahu medzi nomin\u00e1lnymi premenn\u00fdmi pou\u017e\u00edvame: Koeficient Phi\u00a0&#8211; ak sk\u00famame vz\u0165ah medzi dvomi\u00a0dichotomick\u00fdmi nomin\u00e1lnymi premenn\u00fdmi. Cramerov koeficient V &#8211; ak sk\u00famame vz\u0165ah medzi viac\u00farov\u0148ov\u00fdmi nomin\u00e1lnymi premenn\u00fdmi (napr. rodinn\u00fd stav: slobodn\u00fd, \u017eenat\u00fd\/vydat\u00e1, rozveden\u00fd), pr\u00edp. medzi nomin\u00e1lnou\u00a0 a ordin\u00e1lnou premennou. Koeficient Eta &#8211; ak sk\u00famame vz\u0165ah medzi nomin\u00e1lnou a kardin\u00e1lnou premennou, (pr\u00edp. medzi ordin\u00e1lnou, ktor\u00e1 m\u00e1 [&hellip;]<\/p>\n","protected":false},"author":2,"featured_media":0,"parent":440,"menu_order":0,"comment_status":"closed","ping_status":"closed","template":"templates\/template-full-width.php","meta":{"footnotes":""},"class_list":["post-458","page","type-page","status-publish","hentry"],"_links":{"self":[{"href":"https:\/\/estatistika.ku.sk\/index.php\/wp-json\/wp\/v2\/pages\/458","targetHints":{"allow":["GET"]}}],"collection":[{"href":"https:\/\/estatistika.ku.sk\/index.php\/wp-json\/wp\/v2\/pages"}],"about":[{"href":"https:\/\/estatistika.ku.sk\/index.php\/wp-json\/wp\/v2\/types\/page"}],"author":[{"embeddable":true,"href":"https:\/\/estatistika.ku.sk\/index.php\/wp-json\/wp\/v2\/users\/2"}],"replies":[{"embeddable":true,"href":"https:\/\/estatistika.ku.sk\/index.php\/wp-json\/wp\/v2\/comments?post=458"}],"version-history":[{"count":12,"href":"https:\/\/estatistika.ku.sk\/index.php\/wp-json\/wp\/v2\/pages\/458\/revisions"}],"predecessor-version":[{"id":2081,"href":"https:\/\/estatistika.ku.sk\/index.php\/wp-json\/wp\/v2\/pages\/458\/revisions\/2081"}],"up":[{"embeddable":true,"href":"https:\/\/estatistika.ku.sk\/index.php\/wp-json\/wp\/v2\/pages\/440"}],"wp:attachment":[{"href":"https:\/\/estatistika.ku.sk\/index.php\/wp-json\/wp\/v2\/media?parent=458"}],"curies":[{"name":"wp","href":"https:\/\/api.w.org\/{rel}","templated":true}]}}