{"id":496,"date":"2020-03-28T09:38:37","date_gmt":"2020-03-28T08:38:37","guid":{"rendered":"http:\/\/estatistika.ku.sk\/?page_id=496"},"modified":"2022-01-09T16:30:33","modified_gmt":"2022-01-09T15:30:33","slug":"psychometricke-charakteristiky-vyskumneho-nastroja","status":"publish","type":"page","link":"https:\/\/estatistika.ku.sk\/index.php\/psychometricke-charakteristiky-vyskumneho-nastroja\/","title":{"rendered":"Psychometrick\u00e9 charakteristiky"},"content":{"rendered":"\t\t<div data-elementor-type=\"wp-page\" data-elementor-id=\"496\" class=\"elementor elementor-496\">\n\t\t\t\t\t\t<section class=\"elementor-section elementor-top-section elementor-element elementor-element-5722d8cb elementor-section-boxed elementor-section-height-default elementor-section-height-default\" data-id=\"5722d8cb\" data-element_type=\"section\" data-e-type=\"section\">\n\t\t\t\t\t\t<div class=\"elementor-container elementor-column-gap-default\">\n\t\t\t\t\t<div class=\"elementor-column elementor-col-100 elementor-top-column elementor-element elementor-element-7418bcc2\" data-id=\"7418bcc2\" data-element_type=\"column\" data-e-type=\"column\">\n\t\t\t<div class=\"elementor-widget-wrap elementor-element-populated\">\n\t\t\t\t\t\t<div class=\"elementor-element elementor-element-7e0e2535 elementor-widget elementor-widget-text-editor\" data-id=\"7e0e2535\" data-element_type=\"widget\" data-e-type=\"widget\" data-widget_type=\"text-editor.default\">\n\t\t\t\t<div class=\"elementor-widget-container\">\n\t\t\t\t\t\t\t\t\t<p style=\"text-align: left;\"><span style=\"color: #000000; font-family: helvetica, arial, sans-serif; font-size: 14pt;\">Psychometrick\u00e9 charakteristiky s\u00fa vlastnosti ur\u010dit\u00e9ho v\u00fdskumn\u00e9ho\/meracie n\u00e1stroja (napr. testu, dotazn\u00edka a i.) a zaober\u00e1 sa nimi najm\u00e4 aplikovan\u00e1 vedn\u00e1 discipl\u00edna psychometria.<\/span><\/p><p style=\"text-align: left;\"><span style=\"color: #000000; font-family: helvetica, arial, sans-serif; font-size: 14pt;\">Psychometria je pomocn\u00e1 psychologick\u00e1 discipl\u00edna zameran\u00e1 na tvorbu, adapt\u00e1ciu, \u00fapravy a hodnotenie psychodiagnostick\u00fdch met\u00f3d. Zaober\u00e1 sa tie\u017e teoretick\u00fdmi ot\u00e1zkami merania v psychol\u00f3gii (prostredn\u00edctvom matematick\u00fdch a \u0161tatistick\u00fdch postupov, ktor\u00e9 boli postupne vytv\u00e1ran\u00e9 pre potreby psychologickej praxe) (Urb\u00e1nek, Denglerov\u00e1, \u0160ir\u016f\u010dek, 2011).<\/span><\/p><blockquote><p style=\"text-align: justify;\"><span style=\"color: #000000; font-family: helvetica, arial, sans-serif; font-size: 14pt;\">Primeran\u00e9 psychometrick\u00e9 charakteristiky poskytn\u00fa v\u00fdskumn\u00edkovi oporu v tom, \u017ee n\u00e1stroje, ktor\u00e9 vo svojom v\u00fdskume pou\u017e\u00edva s\u00fa platn\u00e9 (validne) a spo\u013eahliv\u00e9 (reliabiln\u00e9). To je v\u00fdchodisko k tomu, aby poznatky, ktor\u00e9 v\u00fdskumn\u00edk z\u00edska boli relevantn\u00e9 a spo\u013eahliv\u00e9.<\/span><\/p><\/blockquote><p style=\"text-align: left;\"><strong><span style=\"color: #000000; font-family: helvetica, arial, sans-serif; font-size: 14pt;\">K z\u00e1kladn\u00fdm psychometrick\u00fdm charakteristik\u00e1m patria:<\/span><\/strong><\/p>\t\t\t\t\t\t\t\t<\/div>\n\t\t\t\t<\/div>\n\t\t\t\t\t<\/div>\n\t\t<\/div>\n\t\t\t\t\t<\/div>\n\t\t<\/section>\n\t\t\t\t<section class=\"elementor-section elementor-top-section elementor-element elementor-element-c6da30d elementor-section-boxed elementor-section-height-default elementor-section-height-default\" data-id=\"c6da30d\" data-element_type=\"section\" data-e-type=\"section\">\n\t\t\t\t\t\t<div class=\"elementor-container elementor-column-gap-default\">\n\t\t\t\t\t<div class=\"elementor-column elementor-col-50 elementor-top-column elementor-element elementor-element-2a4fcd1\" data-id=\"2a4fcd1\" data-element_type=\"column\" data-e-type=\"column\">\n\t\t\t<div class=\"elementor-widget-wrap elementor-element-populated\">\n\t\t\t\t\t\t<div class=\"elementor-element elementor-element-5b28b28 elementor-button-info elementor-align-justify elementor-widget elementor-widget-button\" data-id=\"5b28b28\" data-element_type=\"widget\" data-e-type=\"widget\" data-widget_type=\"button.default\">\n\t\t\t\t<div class=\"elementor-widget-container\">\n\t\t\t\t\t\t\t\t\t<div class=\"elementor-button-wrapper\">\n\t\t\t\t\t<a class=\"elementor-button elementor-button-link elementor-size-xl\" href=\"http:\/\/estatistika.ku.sk\/index.php\/psychometricke-charakteristiky-vyskumneho-nastroja\/standardnost\/\" ta=\"\">\n\t\t\t\t\t\t<span class=\"elementor-button-content-wrapper\">\n\t\t\t\t\t\t\t\t\t<span class=\"elementor-button-text\">\u0160TANDARDNOS\u0164<\/span>\n\t\t\t\t\t<\/span>\n\t\t\t\t\t<\/a>\n\t\t\t\t<\/div>\n\t\t\t\t\t\t\t\t<\/div>\n\t\t\t\t<\/div>\n\t\t\t\t\t<\/div>\n\t\t<\/div>\n\t\t\t\t<div class=\"elementor-column elementor-col-50 elementor-top-column elementor-element elementor-element-3b62a5a\" data-id=\"3b62a5a\" data-element_type=\"column\" data-e-type=\"column\">\n\t\t\t<div class=\"elementor-widget-wrap elementor-element-populated\">\n\t\t\t\t\t\t<div class=\"elementor-element elementor-element-c197b89 elementor-button-warning elementor-align-justify elementor-widget elementor-widget-button\" data-id=\"c197b89\" data-element_type=\"widget\" data-e-type=\"widget\" data-widget_type=\"button.default\">\n\t\t\t\t<div class=\"elementor-widget-container\">\n\t\t\t\t\t\t\t\t\t<div class=\"elementor-button-wrapper\">\n\t\t\t\t\t<a class=\"elementor-button elementor-button-link elementor-size-xl\" href=\"http:\/\/estatistika.ku.sk\/index.php\/psychometricke-charakteristiky-vyskumneho-nastroja\/objektivita\/\">\n\t\t\t\t\t\t<span class=\"elementor-button-content-wrapper\">\n\t\t\t\t\t\t\t\t\t<span class=\"elementor-button-text\">OBJEKTIVITA<\/span>\n\t\t\t\t\t<\/span>\n\t\t\t\t\t<\/a>\n\t\t\t\t<\/div>\n\t\t\t\t\t\t\t\t<\/div>\n\t\t\t\t<\/div>\n\t\t\t\t\t<\/div>\n\t\t<\/div>\n\t\t\t\t\t<\/div>\n\t\t<\/section>\n\t\t\t\t<section class=\"elementor-section elementor-top-section elementor-element elementor-element-bf84275 elementor-section-boxed elementor-section-height-default elementor-section-height-default\" data-id=\"bf84275\" data-element_type=\"section\" data-e-type=\"section\">\n\t\t\t\t\t\t<div class=\"elementor-container elementor-column-gap-default\">\n\t\t\t\t\t<div class=\"elementor-column elementor-col-50 elementor-top-column elementor-element elementor-element-c82e469\" data-id=\"c82e469\" data-element_type=\"column\" data-e-type=\"column\">\n\t\t\t<div class=\"elementor-widget-wrap elementor-element-populated\">\n\t\t\t\t\t\t<div class=\"elementor-element elementor-element-e83b18e elementor-button-danger elementor-align-justify elementor-widget elementor-widget-button\" data-id=\"e83b18e\" data-element_type=\"widget\" data-e-type=\"widget\" data-widget_type=\"button.default\">\n\t\t\t\t<div class=\"elementor-widget-container\">\n\t\t\t\t\t\t\t\t\t<div class=\"elementor-button-wrapper\">\n\t\t\t\t\t<a class=\"elementor-button elementor-button-link elementor-size-xl\" href=\"http:\/\/estatistika.ku.sk\/index.php\/psychometricke-charakteristiky-vyskumneho-nastroja\/validita\/\">\n\t\t\t\t\t\t<span class=\"elementor-button-content-wrapper\">\n\t\t\t\t\t\t\t\t\t<span class=\"elementor-button-text\">VALIDITA<\/span>\n\t\t\t\t\t<\/span>\n\t\t\t\t\t<\/a>\n\t\t\t\t<\/div>\n\t\t\t\t\t\t\t\t<\/div>\n\t\t\t\t<\/div>\n\t\t\t\t\t<\/div>\n\t\t<\/div>\n\t\t\t\t<div class=\"elementor-column elementor-col-50 elementor-top-column elementor-element elementor-element-d5935b4\" data-id=\"d5935b4\" data-element_type=\"column\" data-e-type=\"column\">\n\t\t\t<div class=\"elementor-widget-wrap elementor-element-populated\">\n\t\t\t\t\t\t<div class=\"elementor-element elementor-element-ce2d3bc elementor-button-success elementor-align-justify elementor-widget elementor-widget-button\" data-id=\"ce2d3bc\" data-element_type=\"widget\" data-e-type=\"widget\" data-widget_type=\"button.default\">\n\t\t\t\t<div class=\"elementor-widget-container\">\n\t\t\t\t\t\t\t\t\t<div class=\"elementor-button-wrapper\">\n\t\t\t\t\t<a class=\"elementor-button elementor-button-link elementor-size-xl\" href=\"http:\/\/estatistika.ku.sk\/index.php\/psychometricke-charakteristiky-vyskumneho-nastroja\/reliabilita\/\">\n\t\t\t\t\t\t<span class=\"elementor-button-content-wrapper\">\n\t\t\t\t\t\t\t\t\t<span class=\"elementor-button-text\">RELIABILITA<\/span>\n\t\t\t\t\t<\/span>\n\t\t\t\t\t<\/a>\n\t\t\t\t<\/div>\n\t\t\t\t\t\t\t\t<\/div>\n\t\t\t\t<\/div>\n\t\t\t\t\t<\/div>\n\t\t<\/div>\n\t\t\t\t\t<\/div>\n\t\t<\/section>\n\t\t\t\t<\/div>\n\t\t","protected":false},"excerpt":{"rendered":"<p>Psychometrick\u00e9 charakteristiky s\u00fa vlastnosti ur\u010dit\u00e9ho v\u00fdskumn\u00e9ho\/meracie n\u00e1stroja (napr. testu, dotazn\u00edka a i.) a zaober\u00e1 sa nimi najm\u00e4 aplikovan\u00e1 vedn\u00e1 discipl\u00edna psychometria. Psychometria je pomocn\u00e1 psychologick\u00e1 discipl\u00edna zameran\u00e1 na tvorbu, adapt\u00e1ciu, \u00fapravy a hodnotenie psychodiagnostick\u00fdch met\u00f3d. Zaober\u00e1 sa tie\u017e teoretick\u00fdmi ot\u00e1zkami merania v psychol\u00f3gii (prostredn\u00edctvom matematick\u00fdch a \u0161tatistick\u00fdch postupov, ktor\u00e9 boli postupne vytv\u00e1ran\u00e9 pre potreby psychologickej [&hellip;]<\/p>\n","protected":false},"author":2,"featured_media":1559,"parent":0,"menu_order":0,"comment_status":"closed","ping_status":"closed","template":"templates\/template-full-width.php","meta":{"footnotes":""},"class_list":["post-496","page","type-page","status-publish","has-post-thumbnail","hentry"],"_links":{"self":[{"href":"https:\/\/estatistika.ku.sk\/index.php\/wp-json\/wp\/v2\/pages\/496","targetHints":{"allow":["GET"]}}],"collection":[{"href":"https:\/\/estatistika.ku.sk\/index.php\/wp-json\/wp\/v2\/pages"}],"about":[{"href":"https:\/\/estatistika.ku.sk\/index.php\/wp-json\/wp\/v2\/types\/page"}],"author":[{"embeddable":true,"href":"https:\/\/estatistika.ku.sk\/index.php\/wp-json\/wp\/v2\/users\/2"}],"replies":[{"embeddable":true,"href":"https:\/\/estatistika.ku.sk\/index.php\/wp-json\/wp\/v2\/comments?post=496"}],"version-history":[{"count":49,"href":"https:\/\/estatistika.ku.sk\/index.php\/wp-json\/wp\/v2\/pages\/496\/revisions"}],"predecessor-version":[{"id":1890,"href":"https:\/\/estatistika.ku.sk\/index.php\/wp-json\/wp\/v2\/pages\/496\/revisions\/1890"}],"wp:featuredmedia":[{"embeddable":true,"href":"https:\/\/estatistika.ku.sk\/index.php\/wp-json\/wp\/v2\/media\/1559"}],"wp:attachment":[{"href":"https:\/\/estatistika.ku.sk\/index.php\/wp-json\/wp\/v2\/media?parent=496"}],"curies":[{"name":"wp","href":"https:\/\/api.w.org\/{rel}","templated":true}]}}