{"id":499,"date":"2020-03-28T09:58:36","date_gmt":"2020-03-28T08:58:36","guid":{"rendered":"http:\/\/estatistika.ku.sk\/?page_id=499"},"modified":"2022-01-09T03:05:54","modified_gmt":"2022-01-09T02:05:54","slug":"standardnost","status":"publish","type":"page","link":"https:\/\/estatistika.ku.sk\/index.php\/psychometricke-charakteristiky-vyskumneho-nastroja\/standardnost\/","title":{"rendered":"\u0160tandardnos\u0165"},"content":{"rendered":"<p style=\"text-align: justify;\"><span style=\"font-family: helvetica, arial, sans-serif; font-size: 14pt;\"><strong>\u0160tandardnos\u0165 <\/strong>&#8211; jedn\u00e1 sa o po\u017eiadavku uniformn\u00e9ho, rovnak\u00e9ho pr\u00edstupu pri zad\u00e1van\u00ed testovan\u00e9ho materi\u00e1lu i pri registrovan\u00ed v\u00fdsledkov, pri vyhodnocovan\u00ed a\u00a0interpretovan\u00ed.<\/span><\/p>\n<p style=\"text-align: justify;\"><span style=\"font-family: helvetica, arial, sans-serif; font-size: 14pt;\">Do problematiky \u0161tandardnosti patr\u00ed aj tvorba a\u00a0pou\u017e\u00edvanie <strong>noriem<\/strong> testu. Ak chceme vedie\u0165 \u010di je v\u00fdsledok \u201edobr\u00fd\u201c, &#8222;n\u00edzky&#8220;, alebo \u201ezl\u00fd\u201c, &#8222;vysok\u00fd&#8220;, ak mu chceme porozumie\u0165 \u2013 m\u00f4\u017eeme to zisti\u0165 len porovn\u00e1van\u00edm v\u00fdkonu s v\u00fdkonmi in\u00fdch \u013eud\u00ed. K tomu sl\u00fa\u017eia \u0161tandardn\u00e9 normy \u2013 s\u00fa to ukazovatele relat\u00edvnej poz\u00edcie jednotlivca vo\u010di reprezentat\u00edvnej vzorke popul\u00e1cie (Ferjen\u010d\u00edk, 2000).<\/span><\/p>\n<blockquote><p><span style=\"font-family: helvetica, arial, sans-serif; font-size: 14pt;\">V pr\u00edpade, \u017ee chceme porovna\u0165 priemern\u00e9 v\u00fdsledky n\u00e1\u0161ho v\u00fdskumn\u00e9ho s\u00faboru s popula\u010dn\u00fdmi normami, pou\u017eijeme <a href=\"http:\/\/estatistika.ku.sk\/index.php\/induktivna-statistika\/komparacna-analyza\/komparacia-suborov-podla-kardinalnej-premennej-2\/elementor-393\/\">Studentov t-test pre jeden v\u00fdber.<\/a><\/span><\/p><\/blockquote>\n","protected":false},"excerpt":{"rendered":"<p>\u0160tandardnos\u0165 &#8211; jedn\u00e1 sa o po\u017eiadavku uniformn\u00e9ho, rovnak\u00e9ho pr\u00edstupu pri zad\u00e1van\u00ed testovan\u00e9ho materi\u00e1lu i pri registrovan\u00ed v\u00fdsledkov, pri vyhodnocovan\u00ed a\u00a0interpretovan\u00ed. Do problematiky \u0161tandardnosti patr\u00ed aj tvorba a\u00a0pou\u017e\u00edvanie noriem testu. Ak chceme vedie\u0165 \u010di je v\u00fdsledok \u201edobr\u00fd\u201c, &#8222;n\u00edzky&#8220;, alebo \u201ezl\u00fd\u201c, &#8222;vysok\u00fd&#8220;, ak mu chceme porozumie\u0165 \u2013 m\u00f4\u017eeme to zisti\u0165 len porovn\u00e1van\u00edm v\u00fdkonu s v\u00fdkonmi in\u00fdch \u013eud\u00ed. [&hellip;]<\/p>\n","protected":false},"author":2,"featured_media":0,"parent":496,"menu_order":0,"comment_status":"closed","ping_status":"closed","template":"templates\/template-full-width.php","meta":{"footnotes":""},"class_list":["post-499","page","type-page","status-publish","hentry"],"_links":{"self":[{"href":"https:\/\/estatistika.ku.sk\/index.php\/wp-json\/wp\/v2\/pages\/499","targetHints":{"allow":["GET"]}}],"collection":[{"href":"https:\/\/estatistika.ku.sk\/index.php\/wp-json\/wp\/v2\/pages"}],"about":[{"href":"https:\/\/estatistika.ku.sk\/index.php\/wp-json\/wp\/v2\/types\/page"}],"author":[{"embeddable":true,"href":"https:\/\/estatistika.ku.sk\/index.php\/wp-json\/wp\/v2\/users\/2"}],"replies":[{"embeddable":true,"href":"https:\/\/estatistika.ku.sk\/index.php\/wp-json\/wp\/v2\/comments?post=499"}],"version-history":[{"count":3,"href":"https:\/\/estatistika.ku.sk\/index.php\/wp-json\/wp\/v2\/pages\/499\/revisions"}],"predecessor-version":[{"id":1819,"href":"https:\/\/estatistika.ku.sk\/index.php\/wp-json\/wp\/v2\/pages\/499\/revisions\/1819"}],"up":[{"embeddable":true,"href":"https:\/\/estatistika.ku.sk\/index.php\/wp-json\/wp\/v2\/pages\/496"}],"wp:attachment":[{"href":"https:\/\/estatistika.ku.sk\/index.php\/wp-json\/wp\/v2\/media?parent=499"}],"curies":[{"name":"wp","href":"https:\/\/api.w.org\/{rel}","templated":true}]}}