{"id":501,"date":"2020-03-28T10:00:41","date_gmt":"2020-03-28T09:00:41","guid":{"rendered":"http:\/\/estatistika.ku.sk\/?page_id=501"},"modified":"2022-01-09T03:06:17","modified_gmt":"2022-01-09T02:06:17","slug":"objektivita","status":"publish","type":"page","link":"https:\/\/estatistika.ku.sk\/index.php\/psychometricke-charakteristiky-vyskumneho-nastroja\/objektivita\/","title":{"rendered":"Objektivita"},"content":{"rendered":"<p style=\"text-align: justify;\"><span style=\"font-family: helvetica, arial, sans-serif; font-size: 14pt;\"><strong>Objektivita<\/strong> znamen\u00e1 to, \u017ee v\u00fdskumn\u00edk nem\u00e1 vplyv na to, ak\u00e9 sk\u00f3re bude pris\u00faden\u00e9 respondentovi. Test je objekt\u00edvny vtedy, ke\u010f jeho v\u00fdsledky s\u00fa nez\u00e1visl\u00e9 na osobe, ktor\u00e1 test predklad\u00e1 a ktor\u00e1 ho vyhodnocuje.<\/span><\/p>\n<blockquote><p><span style=\"font-family: helvetica, arial, sans-serif; font-size: 14pt;\"><strong>In\u0161trukcie a podmienky pre pr\u00e1cu s testom, musia by\u0165 pre v\u0161etky testovan\u00e9 osoby rovnak\u00e9<\/strong>.<\/span><\/p><\/blockquote>\n<p style=\"text-align: justify;\"><span style=\"font-family: helvetica, arial, sans-serif; font-size: 14pt;\">D\u00f4le\u017eit\u00e9 je presved\u010di\u0165 sa \u010di in\u0161trukcia bola pochopen\u00e1 spr\u00e1vne. Objektivita sa t\u00fdka aj vyhodnocovania v\u00fdsledkov, ktor\u00e9 mus\u00ed by\u0165 jednotn\u00e9. Objektivitou testu rozumieme tie\u017e mo\u017enos\u0165 \u010di nemo\u017enos\u0165 z\u00e1mern\u00e9ho skreslenia testu vy\u0161etrovanou osobou \u2013 ide tu o snahu javi\u0165 sa v lep\u0161om svetle (tzv. soci\u00e1lna \u017eiad\u00facnos\u0165&#8220;). Mnoh\u00e9 testy obsahuj\u00fa pomocn\u00e9 \u0161k\u00e1ly \u201el\u017ei sk\u00f3re\u201c, ktor\u00e9 by mali podobn\u00e9 tendencie odkr\u00fdva\u0165 (Ferjen\u010d\u00edk, 2000).<\/span><\/p>\n","protected":false},"excerpt":{"rendered":"<p>Objektivita znamen\u00e1 to, \u017ee v\u00fdskumn\u00edk nem\u00e1 vplyv na to, ak\u00e9 sk\u00f3re bude pris\u00faden\u00e9 respondentovi. Test je objekt\u00edvny vtedy, ke\u010f jeho v\u00fdsledky s\u00fa nez\u00e1visl\u00e9 na osobe, ktor\u00e1 test predklad\u00e1 a ktor\u00e1 ho vyhodnocuje. In\u0161trukcie a podmienky pre pr\u00e1cu s testom, musia by\u0165 pre v\u0161etky testovan\u00e9 osoby rovnak\u00e9. D\u00f4le\u017eit\u00e9 je presved\u010di\u0165 sa \u010di in\u0161trukcia bola pochopen\u00e1 spr\u00e1vne. [&hellip;]<\/p>\n","protected":false},"author":2,"featured_media":0,"parent":496,"menu_order":0,"comment_status":"closed","ping_status":"closed","template":"templates\/template-full-width.php","meta":{"footnotes":""},"class_list":["post-501","page","type-page","status-publish","hentry"],"_links":{"self":[{"href":"https:\/\/estatistika.ku.sk\/index.php\/wp-json\/wp\/v2\/pages\/501","targetHints":{"allow":["GET"]}}],"collection":[{"href":"https:\/\/estatistika.ku.sk\/index.php\/wp-json\/wp\/v2\/pages"}],"about":[{"href":"https:\/\/estatistika.ku.sk\/index.php\/wp-json\/wp\/v2\/types\/page"}],"author":[{"embeddable":true,"href":"https:\/\/estatistika.ku.sk\/index.php\/wp-json\/wp\/v2\/users\/2"}],"replies":[{"embeddable":true,"href":"https:\/\/estatistika.ku.sk\/index.php\/wp-json\/wp\/v2\/comments?post=501"}],"version-history":[{"count":3,"href":"https:\/\/estatistika.ku.sk\/index.php\/wp-json\/wp\/v2\/pages\/501\/revisions"}],"predecessor-version":[{"id":1820,"href":"https:\/\/estatistika.ku.sk\/index.php\/wp-json\/wp\/v2\/pages\/501\/revisions\/1820"}],"up":[{"embeddable":true,"href":"https:\/\/estatistika.ku.sk\/index.php\/wp-json\/wp\/v2\/pages\/496"}],"wp:attachment":[{"href":"https:\/\/estatistika.ku.sk\/index.php\/wp-json\/wp\/v2\/media?parent=501"}],"curies":[{"name":"wp","href":"https:\/\/api.w.org\/{rel}","templated":true}]}}