{"id":630,"date":"2020-03-31T13:11:01","date_gmt":"2020-03-31T11:11:01","guid":{"rendered":"http:\/\/estatistika.ku.sk\/?page_id=630"},"modified":"2022-02-25T16:40:52","modified_gmt":"2022-02-25T15:40:52","slug":"vyber-vyskumnej-vzorky","status":"publish","type":"page","link":"https:\/\/estatistika.ku.sk\/index.php\/vyber-vyskumnej-vzorky\/","title":{"rendered":"V\u00fdber v\u00fdskumn\u00e9ho s\u00faboru"},"content":{"rendered":"<p style=\"text-align: justify;\"><span style=\"font-family: helvetica, arial, sans-serif; font-size: 14pt;\"><strong>Z\u00e1kladn\u00fd s\u00fabor (popul\u00e1cia) <\/strong>&#8211; mno\u017eina prvkov, ktor\u00fa chce v\u00fdskumn\u00edk sk\u00fama\u0165 &#8211; v\u0161etky jednotky (jednotlivci, soci\u00e1lne skupiny, rodiny a pod.), ktor\u00e9 sa t\u00fdkaj\u00fa v\u00fdskumn\u00e9ho cie\u013ea.<\/span><\/p>\n<p style=\"text-align: justify;\"><span style=\"font-family: helvetica, arial, sans-serif; font-size: 14pt;\">Obvykle nie je mo\u017en\u00e9 realizova\u0165 v\u00fdskum na v\u0161etk\u00fdch jednotk\u00e1ch z\u00e1kladn\u00e9ho s\u00faboru,\u00a0 resp. bolo by to ve\u013emi \u010dasovo i ekonomicky n\u00e1ro\u010dn\u00e9 a \u010dasto i neefekt\u00edvne.<\/span><\/p>\n<p style=\"text-align: justify;\"><span style=\"font-family: helvetica, arial, sans-serif; font-size: 14pt;\">V\u00fdskumn\u00edk si\u00a0 mus\u00ed ur\u010di\u0165 v\u00fdberov\u00fd s\u00fabor, teda podmno\u017einu z\u00e1kladn\u00e9ho s\u00faboru. N\u00e1sledne (v r\u00e1mci \u0161tatistickej anal\u00fdzy) sa sna\u017e\u00ed na z\u00e1klade inform\u00e1ci\u00ed z v\u00fdskumn\u00e9ho s\u00faboru zov\u0161eobec\u0148ova\u0165 parametre z\u00e1kladn\u00e9ho s\u00faboru. Problematika zov\u0161eobec\u0148ovania je viac pop\u00edsan\u00e1 v \u010dasti <a href=\"http:\/\/estatistika.ku.sk\/index.php\/induktivna-statistika\/\">Indukt\u00edvna \u0161tatistika<\/a>, na tomto mieste je d\u00f4le\u017eit\u00e9 podotkn\u00fa\u0165, \u017ee v\u00fdskumn\u00fd s\u00fabor mus\u00ed by\u0165 <strong>reprezentat\u00edvny<\/strong>, a len vtedy je mo\u017en\u00e9 s ur\u010ditou mierou pravdepodobnosti zov\u0161eobec\u0148ova\u0165. Reprezentat\u00edvnos\u0165 zais\u0165uje prevodite\u013enos\u0165 inform\u00e1ci\u00ed z\u00edskan\u00fdch z d\u00e1t (v\u00fdskumn\u00e9ho s\u00faboru) na realitu (z\u00e1kladn\u00fd s\u00fabor).<\/span><\/p>\n<p style=\"text-align: justify;\"><span style=\"font-family: helvetica, arial, sans-serif; font-size: 14pt;\"><em>Napr. cie\u013eom v\u00fdskumn\u00edka je zisti\u0165 prevalenciu syndr\u00f3mu vyhorenia u u\u010dite\u013eov z\u00e1kladn\u00fdch \u0161k\u00f4l na Slovensku. <\/em><em>Popul\u00e1cia (z\u00e1kladn\u00fd s\u00fabor) s\u00fa v\u0161etci u\u010ditelia pracuj\u00faci na z\u00e1kladn\u00fdch \u0161kol\u00e1ch Slovensku &#8211; inform\u00e1ciu o po\u010dte u\u010dite\u013eov Z\u0160 m\u00f4\u017eeme z\u00edska\u0165 napr. <a href=\"https:\/\/www.cvtisr.sk\/cvti-sr-vedecka-kniznica\/informacie-o-skolstve\/statistiky\/statisticka-rocenka-publikacia\/statisticka-rocenka-zakladne-skoly.html?page_id=9601\">zo \u0161tatistickej ro\u010denky<\/a>\u00a0<\/em><\/span><\/p>\n<p style=\"text-align: justify;\"><span style=\"font-family: helvetica, arial, sans-serif; font-size: 14pt;\"><strong>V\u00fdskumn\u00fd\/v\u00fdberov\u00fd s\u00fabor<\/strong> &#8211; jednotky, ktor\u00e9 sa st\u00e1vaj\u00fa s\u00fa\u010das\u0165ou v\u00fdskumu. Zis\u0165ujeme zvolen\u00e9 charakteristiky (parametre), ktor\u00e9 n\u00e1s zauj\u00edmaj\u00fa a zov\u0161eobec\u0148ujeme na z\u00e1kladn\u00fd s\u00fabor. <em>Napr. zis\u0165ujeme priemern\u00fa mieru syndr\u00f3mu vyhorenia u u\u010dite\u013eov.\u00a0<\/em><\/span><\/p>\n<p style=\"text-align: justify;\"><span style=\"font-family: helvetica, arial, sans-serif; font-size: 14pt;\">V\u00fdberov\u00fd s\u00fabor by mal verne zobrazova\u0165 podobu z\u00e1kladn\u00e9ho s\u00faboru, pri\u010dom plat\u00ed, \u017ee je nako\u013eko reprezentat\u00edvny, nako\u013eko odr\u00e1\u017ea charakteristiky (\u0161trukt\u00faru) cel\u00e9ho z\u00e1kladn\u00e9ho s\u00faboru. Jednoducho povedan\u00e9, dobr\u00fd v\u00fdberov\u00fd s\u00fabor presne zodpoved\u00e1 z\u00e1kladn\u00e9mu s\u00faboru, len je men\u0161\u00ed &#8211; vi\u010f obr.<img fetchpriority=\"high\" decoding=\"async\" class=\"alignnone size-full wp-image-909\" style=\"letter-spacing: normal;\" src=\"http:\/\/estatistika.ku.sk\/wp-content\/uploads\/2021\/08\/VYBER.jpg\" alt=\"\" width=\"418\" height=\"259\" srcset=\"https:\/\/estatistika.ku.sk\/wp-content\/uploads\/2021\/08\/VYBER.jpg 418w, https:\/\/estatistika.ku.sk\/wp-content\/uploads\/2021\/08\/VYBER-300x186.jpg 300w\" sizes=\"(max-width: 418px) 100vw, 418px\" \/><\/span><\/p>\n<p style=\"text-align: justify;\"><span style=\"font-family: helvetica, arial, sans-serif; font-size: 14pt;\">Cie\u013eom v\u00fdberu je vybra\u0165 v\u00fdskumn\u00fd s\u00fabor tak, aby inform\u00e1cie (parametre) o \u0148om bolo mo\u017en\u00e9 \u0161tatistick\u00fdmi postupmi zov\u0161eobecni\u0165 na cel\u00fd z\u00e1kladn\u00fd s\u00fabor.<\/span><\/p>\n<p style=\"text-align: justify;\"><span style=\"font-family: helvetica, arial, sans-serif; font-size: 14pt;\">Ako uv\u00e1dzaj\u00fa Soll\u00e1r a Ritomsk\u00fd (2002) reprezentat\u00edvnos\u0165 definuje stupe\u0148 prenosite\u013enosti inform\u00e1cie obsiahnutej vo v\u00fdberovom s\u00fabore na cie\u013eov\u00fa popul\u00e1ciu. Z\u00e1very z\u00edskan\u00e9 pomocou <a href=\"http:\/\/estatistika.ku.sk\/index.php\/induktivna-statistika\/\">indukt\u00edvnej \u0161tatistiky<\/a> m\u00f4\u017eeme zov\u0161eobec\u0148ova\u0165 na cel\u00fa popul\u00e1ciu s ur\u010ditou mierou neistoty.<\/span><\/p>\n<p style=\"text-align: justify;\"><span style=\"font-family: helvetica, arial, sans-serif; font-size: 14pt;\">Pri v\u00fdbere ve\u013ekosti v\u00fdberov\u00e9ho s\u00faboru m\u00f4\u017ee by\u0165 u\u017eito\u010dn\u00e1 kalkula\u010dka &#8222;<a href=\"https:\/\/www.surveysystem.com\/sscalc.htm\" target=\"_blank\" rel=\"noopener noreferrer\">sample size calculator<\/a>&#8222;. Pri v\u00fdpo\u010dte po\u010dtu jednotiek v\u00fdberov\u00e9ho s\u00faboru t\u00fdmto sp\u00f4sobom predpoklad\u00e1me n\u00e1hodn\u00fd v\u00fdber v\u00fdskumnej vzorky.<\/span><\/p>\n<p style=\"text-align: justify;\"><span style=\"font-family: helvetica, arial, sans-serif; font-size: 14pt;\">K tomu, aby v\u00fdberov\u00fd s\u00fabor reprezentoval z\u00e1kladn\u00fd s\u00fabor (aby bol reprezentat\u00edvny) mus\u00ed v\u00fdskumn\u00edk dodr\u017ea\u0165 ur\u010dit\u00e9 z\u00e1sady pri v\u00fdbere v\u00fdskumnej vzorky (v\u00fdberov\u00e9ho s\u00faboru), vtedy je ve\u013ek\u00e1 pravdepodobnos\u0165 toho, \u017ee zistenia, ktor\u00e9 zist\u00ed vo v\u00fdberovom s\u00fabore platia i v z\u00e1kladnom s\u00fabore (v\u00fdskumn\u00edk m\u00f4\u017ee svoje zistenia generalizova\u0165). K met\u00f3dam v\u00fdberu patria nasleduj\u00face:<\/span><\/p>\n<ul>\n<li style=\"text-align: justify;\"><a href=\"http:\/\/estatistika.ku.sk\/index.php\/vyber-vyskumnej-vzorky\/nahodny-vyber\/\"><span style=\"font-family: helvetica, arial, sans-serif; font-size: 14pt;\">n\u00e1hodn\u00fd (pravdepodobnostn\u00fd) v\u00fdber &#8211; jednoduch\u00fd, stratifikovan\u00fd,<\/span><\/a><\/li>\n<li style=\"text-align: justify;\"><span style=\"font-family: helvetica, arial, sans-serif; font-size: 14pt;\"><a href=\"http:\/\/estatistika.ku.sk\/index.php\/vyber-vyskumnej-vzorky\/zamerny-vyber\/\">nen\u00e1hodn\u00fd v\u00fdber.<\/a><\/span><\/li>\n<\/ul>\n<p><span style=\"font-family: helvetica, arial, sans-serif; font-size: 14pt;\">Pri \u0161tatistickom vyhodnocovan\u00ed d\u00e1t je d\u00f4le\u017eit\u00e9 rozli\u0161ova\u0165 medzi <a href=\"http:\/\/estatistika.ku.sk\/index.php\/vyber-vyskumnej-vzorky\/zavisly-a-nezavisly-vyber\/\"><strong>z\u00e1visl\u00fdm a\u00a0nez\u00e1visl\u00fdm v\u00fdberom.<\/strong><\/a><\/span><\/p>\n","protected":false},"excerpt":{"rendered":"<p>Z\u00e1kladn\u00fd s\u00fabor (popul\u00e1cia) &#8211; mno\u017eina prvkov, ktor\u00fa chce v\u00fdskumn\u00edk sk\u00fama\u0165 &#8211; v\u0161etky jednotky (jednotlivci, soci\u00e1lne skupiny, rodiny a pod.), ktor\u00e9 sa t\u00fdkaj\u00fa v\u00fdskumn\u00e9ho cie\u013ea. Obvykle nie je mo\u017en\u00e9 realizova\u0165 v\u00fdskum na v\u0161etk\u00fdch jednotk\u00e1ch z\u00e1kladn\u00e9ho s\u00faboru,\u00a0 resp. bolo by to ve\u013emi \u010dasovo i ekonomicky n\u00e1ro\u010dn\u00e9 a \u010dasto i neefekt\u00edvne. V\u00fdskumn\u00edk si\u00a0 mus\u00ed ur\u010di\u0165 v\u00fdberov\u00fd s\u00fabor, teda [&hellip;]<\/p>\n","protected":false},"author":2,"featured_media":0,"parent":0,"menu_order":0,"comment_status":"closed","ping_status":"closed","template":"templates\/template-full-width.php","meta":{"footnotes":""},"class_list":["post-630","page","type-page","status-publish","hentry"],"_links":{"self":[{"href":"https:\/\/estatistika.ku.sk\/index.php\/wp-json\/wp\/v2\/pages\/630","targetHints":{"allow":["GET"]}}],"collection":[{"href":"https:\/\/estatistika.ku.sk\/index.php\/wp-json\/wp\/v2\/pages"}],"about":[{"href":"https:\/\/estatistika.ku.sk\/index.php\/wp-json\/wp\/v2\/types\/page"}],"author":[{"embeddable":true,"href":"https:\/\/estatistika.ku.sk\/index.php\/wp-json\/wp\/v2\/users\/2"}],"replies":[{"embeddable":true,"href":"https:\/\/estatistika.ku.sk\/index.php\/wp-json\/wp\/v2\/comments?post=630"}],"version-history":[{"count":23,"href":"https:\/\/estatistika.ku.sk\/index.php\/wp-json\/wp\/v2\/pages\/630\/revisions"}],"predecessor-version":[{"id":2233,"href":"https:\/\/estatistika.ku.sk\/index.php\/wp-json\/wp\/v2\/pages\/630\/revisions\/2233"}],"wp:attachment":[{"href":"https:\/\/estatistika.ku.sk\/index.php\/wp-json\/wp\/v2\/media?parent=630"}],"curies":[{"name":"wp","href":"https:\/\/api.w.org\/{rel}","templated":true}]}}