{"id":967,"date":"2021-11-20T21:36:41","date_gmt":"2021-11-20T20:36:41","guid":{"rendered":"http:\/\/estatistika.ku.sk\/?page_id=967"},"modified":"2022-06-13T10:20:58","modified_gmt":"2022-06-13T08:20:58","slug":"statisticke-spracovanie-dat-v-programe-ibm-spss-a-microsoft-excel","status":"publish","type":"page","link":"https:\/\/estatistika.ku.sk\/","title":{"rendered":"\u0160tatistick\u00e9 spracovanie d\u00e1t v programe IBM SPSS a Microsoft Excel"},"content":{"rendered":"<p style=\"text-align: justify;\"><span style=\"font-family: helvetica, arial, sans-serif; font-size: 14pt;\"><strong>Cie\u013eom predkladanej e-u\u010debnice je napom\u00f4c\u0165 za\u010d\u00ednaj\u00facim v\u00fdskumn\u00edkom v oblasti soci\u00e1lno-pedagogick\u00e9ho v\u00fdskumu zvl\u00e1dnu\u0165 proces \u0161tatistick\u00e9ho spracovania d\u00e1t v empirickom v\u00fdskume. Venuje sa teoretick\u00fdm v\u00fdchodisk\u00e1m aplik\u00e1cie \u0161tatistick\u00fdch met\u00f3d vo v\u00fdskume a na konkr\u00e9tnych pr\u00edkladoch pon\u00faka ich rie\u0161enie v \u0161tatistickom programe <a href=\"http:\/\/estatistika.ku.sk\/index.php\/program-spss-a-excel\/o-programe-spss\/\">IBM SPSS<\/a> <\/strong><\/span><span style=\"font-family: helvetica, arial, sans-serif; font-size: 14pt;\"><strong>a <a href=\"http:\/\/estatistika.ku.sk\/index.php\/program-spss-a-excel\/o-programe-excel\/\">Microsoft Excel<\/a>. Pr\u00edklady a ich \u0161tatistick\u00e1 anal\u00fdza je vizualizovan\u00e1 vo videopostupe rie\u0161enia jednotliv\u00fdch pr\u00edkladov (v programe SPSS aj Excel).<\/strong><\/span><\/p>\n<p style=\"text-align: justify;\"><span style=\"font-family: helvetica, arial, sans-serif; font-size: 14pt;\">V \u010dastiach so \u0161tatistick\u00fdmi oper\u00e1ciami nebolo na\u0161ou amb\u00edciou venova\u0165 sa \u0161tatistike do h\u013abky \u2013 na to sl\u00fa\u017eia in\u00e9 odborn\u00e9 zdroje. Na\u0161ou amb\u00edciou bolo, aby v\u00fdskumn\u00edk vedel v uveden\u00fdch programoch d\u00e1ta vlo\u017ei\u0165, pos\u00fadi\u0165 psychometrick\u00e9 vlastnosti v\u00fdskumn\u00e9ho n\u00e1stroja, realizova\u0165 deskript\u00edvnu anal\u00fdzu a indukt\u00edvnu \u0161tatistiku (kompar\u00e1cia s\u00faborov, korela\u010dn\u00e1 anal\u00fdza). Pon\u00fakame i nieko\u013eko r\u00e1d pri pr\u00e1ci s programom SPSS a Excel, ktor\u00e9 by mohli v\u00fdskumn\u00edkovi pr\u00e1cu u\u013eah\u010di\u0165.<\/span><\/p>\n<p style=\"text-align: justify;\"><span style=\"font-family: helvetica, arial, sans-serif; font-size: 14pt;\">D\u00fafame, \u017ee vy\u0161\u0161ie pop\u00edsan\u00e9 amb\u00edcie bud\u00fa dosiahnut\u00e9 a na\u0161a e-u\u010debnica bude za\u010d\u00ednaj\u00facemu v\u00fdskumn\u00edkovi n\u00e1pomocn\u00e1.<\/span><\/p>\n<blockquote><p><strong><em><span style=\"font-family: helvetica, arial, sans-serif;\">Autorky:<\/span><\/em><\/strong><\/p>\n<p><em><span style=\"font-family: helvetica, arial, sans-serif;\"><span style=\"font-size: 14pt;\">PhDr. Katar\u00edna Koh\u00fatov\u00e1, PhD.\u00a0 \u00a0 \u00a0 \u00a0<\/span><\/span><span style=\"font-family: helvetica, arial, sans-serif;\"><span style=\"font-size: 14pt;\">doc. RNDr. M\u00e1ria Jure\u010dkov\u00e1, PhD.\u00a0 \u00a0 \u00a0 \u00a0<\/span><\/span><span style=\"font-family: helvetica, arial, sans-serif;\"><span style=\"font-size: 14pt;\">PhDr. Angela Alma\u0161iov\u00e1, PhD.<\/span><\/span><\/em><\/p><\/blockquote>\n<div id=\"m_-4221390422576331598divRplyFwdMsg\" dir=\"ltr\">\n<div><span style=\"font-size: 12pt;\"><span style=\"font-family: NonBreakingSpaceOverride, 'Hoefler Text', 'Noto Serif', Garamond, 'Times New Roman', serif; letter-spacing: normal;\">Vydavate\u013estvo Ru\u017eomberok : VERBUM <\/span><span style=\"font-family: NonBreakingSpaceOverride, 'Hoefler Text', 'Noto Serif', Garamond, 'Times New Roman', serif; letter-spacing: normal;\">, 2022, <\/span><b style=\"font-family: NonBreakingSpaceOverride, 'Hoefler Text', 'Noto Serif', Garamond, 'Times New Roman', serif; letter-spacing: normal;\">ISBN\u00a0<\/b><b style=\"font-family: NonBreakingSpaceOverride, 'Hoefler Text', 'Noto Serif', Garamond, 'Times New Roman', serif; letter-spacing: normal;\">978-80-561-0934-2.<\/b><\/span><\/div>\n<\/div>\n<div>\n<p><span style=\"font-size: 12pt;\"><b>Recenzenti:<\/b><\/span><\/p>\n<p><span style=\"font-size: 12pt;\"><b>Doc. RNDr. Ferdinand Chovanec, Csc., <\/b><b>doc. PhDr. Ladislav <span class=\"il\">Vaska<\/span>, PhD.<\/b><\/span><\/p>\n<\/div>\n<p style=\"text-align: justify;\"><span style=\"font-size: 12pt;\"><em><span style=\"font-family: helvetica, arial, sans-serif;\">E-u\u010debnica \u0161tatistiky bola realizovan\u00e1 ako s\u00fa\u010das\u0165 projektu KEGA \u010d. 010KU-4\/2019 s n\u00e1zvom: Inovat\u00edvna forma multimedi\u00e1lnej podpory \u0161tatistick\u00fdch met\u00f3d v soci\u00e1lnom a pedagogickom v\u00fdskume.<\/span><\/em><\/span><\/p>\n<p style=\"text-align: justify;\"><span style=\"font-size: 12pt;\"><em><span style=\"font-family: helvetica, arial, sans-serif;\"><strong>Webov\u00e1 str\u00e1nka bola vytvoren\u00e1 pre Pedagogick\u00fa fakultu Katol\u00edckej univerzity v Ru\u017eomberku, ktor\u00e1 str\u00e1nku zastre\u0161uje. Za kvalitu a obsah pr\u00edspevkov zodpovedaj\u00fa autori webovej str\u00e1nky.<\/strong><\/span><\/em><\/span><\/p>\n<p style=\"text-align: left;\"><span style=\"font-family: helvetica, arial, sans-serif; font-size: 12pt;\"><em>* pr\u00edpadn\u00e9 postrehy, n\u00e1vrhy, pripomienky adresujte na adresu: katarina.kohutova.ku@gmail.com<\/em><\/span><\/p>\n","protected":false},"excerpt":{"rendered":"<p>Cie\u013eom predkladanej e-u\u010debnice je napom\u00f4c\u0165 za\u010d\u00ednaj\u00facim v\u00fdskumn\u00edkom v oblasti soci\u00e1lno-pedagogick\u00e9ho v\u00fdskumu zvl\u00e1dnu\u0165 proces \u0161tatistick\u00e9ho spracovania d\u00e1t v empirickom v\u00fdskume. Venuje sa teoretick\u00fdm v\u00fdchodisk\u00e1m aplik\u00e1cie \u0161tatistick\u00fdch met\u00f3d vo v\u00fdskume a na konkr\u00e9tnych pr\u00edkladoch pon\u00faka ich rie\u0161enie v \u0161tatistickom programe IBM SPSS a Microsoft Excel. Pr\u00edklady a ich \u0161tatistick\u00e1 anal\u00fdza je vizualizovan\u00e1 vo videopostupe rie\u0161enia jednotliv\u00fdch pr\u00edkladov [&hellip;]<\/p>\n","protected":false},"author":1,"featured_media":1551,"parent":0,"menu_order":0,"comment_status":"closed","ping_status":"closed","template":"templates\/template-full-width.php","meta":{"footnotes":""},"class_list":["post-967","page","type-page","status-publish","has-post-thumbnail","hentry"],"_links":{"self":[{"href":"https:\/\/estatistika.ku.sk\/index.php\/wp-json\/wp\/v2\/pages\/967","targetHints":{"allow":["GET"]}}],"collection":[{"href":"https:\/\/estatistika.ku.sk\/index.php\/wp-json\/wp\/v2\/pages"}],"about":[{"href":"https:\/\/estatistika.ku.sk\/index.php\/wp-json\/wp\/v2\/types\/page"}],"author":[{"embeddable":true,"href":"https:\/\/estatistika.ku.sk\/index.php\/wp-json\/wp\/v2\/users\/1"}],"replies":[{"embeddable":true,"href":"https:\/\/estatistika.ku.sk\/index.php\/wp-json\/wp\/v2\/comments?post=967"}],"version-history":[{"count":44,"href":"https:\/\/estatistika.ku.sk\/index.php\/wp-json\/wp\/v2\/pages\/967\/revisions"}],"predecessor-version":[{"id":2292,"href":"https:\/\/estatistika.ku.sk\/index.php\/wp-json\/wp\/v2\/pages\/967\/revisions\/2292"}],"wp:featuredmedia":[{"embeddable":true,"href":"https:\/\/estatistika.ku.sk\/index.php\/wp-json\/wp\/v2\/media\/1551"}],"wp:attachment":[{"href":"https:\/\/estatistika.ku.sk\/index.php\/wp-json\/wp\/v2\/media?parent=967"}],"curies":[{"name":"wp","href":"https:\/\/api.w.org\/{rel}","templated":true}]}}